{"id":103,"date":"2016-01-20T17:02:36","date_gmt":"2016-01-20T16:02:36","guid":{"rendered":"http:\/\/ilst20.de\/?page_id=103"},"modified":"2019-01-11T12:18:54","modified_gmt":"2019-01-11T11:18:54","slug":"ueber-uns","status":"publish","type":"page","link":"https:\/\/ilst20.de\/?page_id=103","title":{"rendered":"\u00dcber uns"},"content":{"rendered":"<h4>Wer sind wir?<\/h4>\n<p>Wir sind derzeit 29 Studenten, die bei Lufthansa eine mit einem Hochschulstudium kombinierte Schulung zum Verkehrsflugzeugf\u00fchrer machen. Nach&nbsp;vier Jahren haben wir dann einen Bachelor of Engineering und eine MPL (Multicrew-Pilot-License).<\/p>\n<p>Der ILST-Studiengang an der Hochschule Bremen wird f\u00fcr verschiedene Berufsrichtungen angeboten:<\/p>\n<ul>\n<li>Piloten (Lufthansa und andere Flugschulen, wie RWL oder PTN)<\/li>\n<li>Deutsche Flugsicherung<\/li>\n<li>Lufthansa Maintenance<\/li>\n<li>Airport Operations<\/li>\n<\/ul>\n<p>Diese Homepage ist von der Gemeinschaft der Lufthansa-Flugsch\u00fcler des 20. ILST.<\/p>\n<div class=\"hrule clearfix\"><\/div>\n<h4>&#8220;Last of its kind&#8221; ?<\/h4>\n<p>Wir sind der vorerst letzte Studiengang, der die Pilotenausbildung bei der Lufthansa in dieser Form mit einem Studium kombiniert.<\/p>\n<div class=\"hrule clearfix\"><\/div>\n<p><a href=\"http:\/\/ilst20.de\/wp-content\/uploads\/2016\/01\/walk_web-1.jpg\"><img loading=\"lazy\" class=\"alignright wp-image-1774\" src=\"http:\/\/ilst20.de\/wp-content\/uploads\/2016\/01\/walk_web-1-300x169.jpg\" alt=\"\" width=\"500\" height=\"281\" srcset=\"https:\/\/ilst20.de\/wp-content\/uploads\/2016\/01\/walk_web-1-300x169.jpg 300w, https:\/\/ilst20.de\/wp-content\/uploads\/2016\/01\/walk_web-1-768x432.jpg 768w, https:\/\/ilst20.de\/wp-content\/uploads\/2016\/01\/walk_web-1.jpg 1000w\" sizes=\"(max-width: 500px) 100vw, 500px\" \/><\/a><\/p>\n<h4>Wie kamen&nbsp;wir&nbsp;zu diesem Studium?<\/h4>\n<p>Alles&nbsp;begann mit einer Bewerbung bei der deutschen Lufthansa. Viele bewarben sich schon w\u00e4hrend ihrer Abiturzeit, einige hatten bereits ein Studium begonnen. Der Bewerbungsprozess nahm&nbsp;einige Zeit in Anspruch &#8211; immerhin mussten&nbsp;mehrere Stufen durchlaufen werden:<\/p>\n<ol>\n<li><strong>Bewerbung bei Lufthansa<\/strong><\/li>\n<li><strong>Berufsgrunduntersuchung (BU)<\/strong><\/li>\n<li><strong>Firmenqualifikation (FQ)<\/strong><\/li>\n<li><strong>Medizinische Untersuchung<\/strong><\/li>\n<\/ol>\n<p>Wer sich qualifiziert hatte, durfte dann gleich seine&nbsp;Bewerbung bei der Hochschule Bremen einreichen. Diese bietet n\u00e4mlich den kombinierten Studiengang &#8220;Luftfahrtsystemtechnik und -management&#8221; an.<\/p>\n<div class=\"hrule clearfix\"><\/div>\n<h4>Wie sieht der Ablauf des Studiums und der Ausbildung aus?<\/h4>\n<p>Seit 2014 studieren wir flei\u00dfig an der Hochschule, da die ersten drei Semester ausschlie\u00dflich f\u00fcr das Studium reserviert sind. Ab dem vierten Semester (Sommer 2016) erfolgte dann zus\u00e4tzlich zu einer reduzierten Anzahl Vorlesungen zwei Mal w\u00f6chentlich theoretischer Unterricht an der Lufthansa Flight Training (LFT) Verkehrsfliegerschule <em>(inzwischen &#8220;Lufthansa Aviation Training&#8221; &#8211; LAT)<\/em>.<\/p>\n<p>Im sechsten Semester (Sommer 2017) ging es dann zun\u00e4chst nach Goodyear, Arizona (nahe Phoenix) in die USA zum ersten praktischen Ausbildungsteil. Dort lernten wir die Kunst des Fliegens noch auf der guten alten <a href=\"http:\/\/ilst20.de\/?page_id=300\">Bonnie<\/a>&nbsp;&#8211; mit Uhrwerk-Cockpit! &#8211; wie schon so viele vor uns.<\/p>\n<p>Das siebte und achte Semester (Winter 2017, Sommer 2018) beinhalteten noch mehr Theorie und Fliegen. Zur\u00fcck in Bremen geht es zum ersten Mal auf einen Jet: die <a href=\"http:\/\/ilst20.de\/?page_id=304\">Cessna Citation CJ1+<\/a>. Quer durch Deutschland und Europa, aber haupts\u00e4chlich im Simulator, wurde die Arbeit im Zweimanncockpit und jede Menge Prozeduren ge\u00fcbt.<\/p>\n<p>Nach dem Ende der Jet-Phase, schrieben viele von uns an ihrer Bachelorarbeit und schlossen so ihr Ingenieurstudium ab.<\/p>\n<p>Danach begann f\u00fcr die meisten von uns das Typerating auf dem&nbsp;<a href=\"http:\/\/ilst20.de\/?page_id=306\">Airbus 320<\/a>&nbsp;bei Austrian Airlines oder Germanwings.<\/p>\n<p>&nbsp;<\/p>\n","protected":false},"excerpt":{"rendered":"<p>Wer sind wir? Wir sind derzeit 29 Studenten, die bei Lufthansa eine mit einem Hochschulstudium kombinierte Schulung zum Verkehrsflugzeugf\u00fchrer machen. Nach&nbsp;vier Jahren haben wir dann einen Bachelor of Engineering und eine MPL (Multicrew-Pilot-License). Der ILST-Studiengang an der Hochschule Bremen wird &hellip; <a href=\"https:\/\/ilst20.de\/?page_id=103\">Weiterlesen<\/a><\/p>\n","protected":false},"author":4,"featured_media":0,"parent":0,"menu_order":0,"comment_status":"closed","ping_status":"closed","template":"","meta":{"ngg_post_thumbnail":0},"_links":{"self":[{"href":"https:\/\/ilst20.de\/index.php?rest_route=\/wp\/v2\/pages\/103"}],"collection":[{"href":"https:\/\/ilst20.de\/index.php?rest_route=\/wp\/v2\/pages"}],"about":[{"href":"https:\/\/ilst20.de\/index.php?rest_route=\/wp\/v2\/types\/page"}],"author":[{"embeddable":true,"href":"https:\/\/ilst20.de\/index.php?rest_route=\/wp\/v2\/users\/4"}],"replies":[{"embeddable":true,"href":"https:\/\/ilst20.de\/index.php?rest_route=%2Fwp%2Fv2%2Fcomments&post=103"}],"version-history":[{"count":10,"href":"https:\/\/ilst20.de\/index.php?rest_route=\/wp\/v2\/pages\/103\/revisions"}],"predecessor-version":[{"id":1978,"href":"https:\/\/ilst20.de\/index.php?rest_route=\/wp\/v2\/pages\/103\/revisions\/1978"}],"wp:attachment":[{"href":"https:\/\/ilst20.de\/index.php?rest_route=%2Fwp%2Fv2%2Fmedia&parent=103"}],"curies":[{"name":"wp","href":"https:\/\/api.w.org\/{rel}","templated":true}]}}